{"id":15,"date":"2021-02-22T15:40:27","date_gmt":"2021-02-22T14:40:27","guid":{"rendered":"https:\/\/restaurantlagoguette.com\/?page_id=15"},"modified":"2021-03-09T12:54:27","modified_gmt":"2021-03-09T11:54:27","slug":"notre-histoire","status":"publish","type":"page","link":"https:\/\/restaurantlagoguette.com\/index.php\/notre-histoire\/","title":{"rendered":"Notre Histoire"},"content":{"rendered":"<p>[et_pb_section fb_built=\u00a0\u00bb1&Prime; _builder_version=\u00a0\u00bb4.4.7&Prime; background_image=\u00a0\u00bbhttps:\/\/restaurantlagoguette.com\/wp-content\/uploads\/2021\/03\/restaurant-la-goguette-a-domicile-chef-cafe-stephanie-maxime.jpg\u00a0\u00bb min_height=\u00a0\u00bb266px\u00a0\u00bb custom_margin=\u00a0\u00bb||-1px|||\u00a0\u00bb custom_padding=\u00a0\u00bb0px||0px|||\u00a0\u00bb][et_pb_row _builder_version=\u00a0\u00bb4.4.7&Prime;][et_pb_column type=\u00a0\u00bb4_4&Prime; _builder_version=\u00a0\u00bb4.4.7&Prime;][\/et_pb_column][\/et_pb_row][\/et_pb_section][et_pb_section fb_built=\u00a0\u00bb1&Prime; _builder_version=\u00a0\u00bb4.4.7&Prime;][et_pb_row _builder_version=\u00a0\u00bb4.4.7&Prime;][et_pb_column type=\u00a0\u00bb4_4&Prime; _builder_version=\u00a0\u00bb4.4.7&Prime;][et_pb_text _builder_version=\u00a0\u00bb4.4.7&Prime; text_font=\u00a0\u00bbastagina||||||||\u00a0\u00bb text_text_color=\u00a0\u00bb#353535&Prime; text_font_size=\u00a0\u00bb62px\u00a0\u00bb header_2_font=\u00a0\u00bbastagina||||||||\u00a0\u00bb header_2_text_color=\u00a0\u00bb#353535&Prime; header_2_font_size=\u00a0\u00bb62px\u00a0\u00bb text_orientation=\u00a0\u00bbcenter\u00a0\u00bb]<\/p>\n<h2>Notre histoire<\/h2>\n<p>[\/et_pb_text][et_pb_text _builder_version=\u00a0\u00bb4.4.7&Prime; text_font=\u00a0\u00bbMontserrat|300|||||||\u00a0\u00bb text_text_color=\u00a0\u00bb#353535&Prime; text_font_size=\u00a0\u00bb17px\u00a0\u00bb text_orientation=\u00a0\u00bbcenter\u00a0\u00bb custom_margin=\u00a0\u00bb|150px||150px|false|false\u00a0\u00bb custom_margin_tablet=\u00a0\u00bb|35px||35px|false|false\u00a0\u00bb custom_margin_phone=\u00a0\u00bb|20px||20px|false|false\u00a0\u00bb custom_margin_last_edited=\u00a0\u00bbon|phone\u00a0\u00bb]<\/p>\n<p>Apr\u00e8s notre rencontre au Lyc\u00e9e H\u00f4telier de Toulon o\u00f9 nous avons tous les deux \u00e9t\u00e9 diplom\u00e9s d\u2019un BTS, nous nous sommes dirig\u00e9s imm\u00e9diatement vers des \u00e9tablissements \u00e9toil\u00e9s. Marc Meneau en Bourgogne, Jean-Fran\u00e7ois Rouquette \u00e0 Paris et R\u00e9gis Marcon en Haute Loire, nous ont permis d\u2019acqu\u00e9rir exp\u00e9rience professionnelle, technique et rigueur dans ce m\u00e9tier exigeant. Apr\u00e8s ces dix ann\u00e9es riches en enseignements, nous d\u00e9cidons de partir \u00e0 l\u2019\u00e9tranger conciliant gr\u00e2ce \u00e0 notre m\u00e9tier : travail et d\u00e9couverte de nouvelles cultures. Cette exp\u00e9rience marquera ainsi nos choix futurs, favorisant un certain \u00e9quilibre entre vie professionnelle et familiale. En 2014, nous ouvrons notre \u00e9tablissement \u201cLa Goguette\u201d en Provence au coeur du village du Castellet. Petit restaurant au nombre limit\u00e9 de couverts, nous avions trouv\u00e9 l\u2019outil parfait pour travailler en couple. Un lieu o\u00f9 nous souhaitions que convivialit\u00e9 et professionnalisme soient r\u00e9unis.<\/p>\n<p>[\/et_pb_text][\/et_pb_column][\/et_pb_row][\/et_pb_section][et_pb_section fb_built=\u00a0\u00bb1&Prime; _builder_version=\u00a0\u00bb4.4.7&Prime; background_color=\u00a0\u00bbrgba(236,202,157,0.71)\u00a0\u00bb custom_padding=\u00a0\u00bb11px||6px|||\u00a0\u00bb][et_pb_row column_structure=\u00a0\u00bb1_2,1_2&Prime; _builder_version=\u00a0\u00bb4.4.7&Prime;][et_pb_column type=\u00a0\u00bb1_2&Prime; _builder_version=\u00a0\u00bb4.4.7&Prime;][et_pb_image src=\u00a0\u00bbhttps:\/\/restaurantlagoguette.com\/wp-content\/uploads\/2021\/02\/Histoire-restaurant-la-goguette-a-domicile.png\u00a0\u00bb alt=\u00a0\u00bbHistoire-restaurant-la-goguette-a-domicile\u00a0\u00bb align=\u00a0\u00bbcenter\u00a0\u00bb _builder_version=\u00a0\u00bb4.4.7&Prime; width=\u00a0\u00bb100%\u00a0\u00bb max_width=\u00a0\u00bb60%\u00a0\u00bb][\/et_pb_image][\/et_pb_column][et_pb_column type=\u00a0\u00bb1_2&Prime; _builder_version=\u00a0\u00bb4.4.7&Prime;][et_pb_text _builder_version=\u00a0\u00bb4.4.7&Prime; text_font=\u00a0\u00bbMontserrat|300|||||||\u00a0\u00bb text_text_color=\u00a0\u00bb#353535&Prime; text_font_size=\u00a0\u00bb17px\u00a0\u00bb text_orientation=\u00a0\u00bbcenter\u00a0\u00bb custom_margin=\u00a0\u00bb100px|45px||45px|false|false\u00a0\u00bb custom_margin_tablet=\u00a0\u00bb44px|80px||80px|false|false\u00a0\u00bb custom_margin_phone=\u00a0\u00bb|20px||20px|false|false\u00a0\u00bb custom_margin_last_edited=\u00a0\u00bbon|phone\u00a0\u00bb]<\/p>\n<p>Notre savoir faire a permis d\u2019attirer une client\u00e8le fid\u00e8le d\u2019\u00e9picuriens, pr\u00e9c\u00e9dent un r\u00e9f\u00e9rencement dans les guides locaux et nationaux : Le Var des Gastronomes, Gault &amp; Millau, Guide Michelin et Jacques Ganti\u00e9. Autant de critiques culinaires qui ont mis en avant notre travail exerc\u00e9 avec passion.<\/p>\n<p>[\/et_pb_text][\/et_pb_column][\/et_pb_row][\/et_pb_section][et_pb_section fb_built=\u00a0\u00bb1&Prime; _builder_version=\u00a0\u00bb4.4.7&Prime;][et_pb_row _builder_version=\u00a0\u00bb4.4.7&Prime; custom_padding=\u00a0\u00bb||4px|||\u00a0\u00bb][et_pb_column type=\u00a0\u00bb4_4&Prime; _builder_version=\u00a0\u00bb4.4.7&Prime;][et_pb_text _builder_version=\u00a0\u00bb4.4.7&Prime; text_font=\u00a0\u00bbMontserrat|600|||||||\u00a0\u00bb text_text_color=\u00a0\u00bb#c88750&Prime; text_font_size=\u00a0\u00bb20px\u00a0\u00bb text_line_height=\u00a0\u00bb1.8em\u00a0\u00bb text_orientation=\u00a0\u00bbcenter\u00a0\u00bb custom_margin_tablet=\u00a0\u00bb\u00a0\u00bb custom_margin_phone=\u00a0\u00bb\u00a0\u00bb custom_margin_last_edited=\u00a0\u00bbon|phone\u00a0\u00bb custom_padding=\u00a0\u00bb|125px||125px|false|false\u00a0\u00bb custom_padding_tablet=\u00a0\u00bb|100px||100px|false|false\u00a0\u00bb custom_padding_phone=\u00a0\u00bb|20px||20px|false|false\u00a0\u00bb custom_padding_last_edited=\u00a0\u00bbon|phone\u00a0\u00bb]<\/p>\n<p>Avec l\u2019ann\u00e9e 2020, nous avons adapt\u00e9 notre m\u00e9tier, cr\u00e9ant ainsi \u201cLa Goguette \u00e0 Domicile\u201d<\/p>\n<p>[\/et_pb_text][et_pb_text _builder_version=\u00a0\u00bb4.4.7&Prime; text_font=\u00a0\u00bbMontserrat|300|||||||\u00a0\u00bb text_text_color=\u00a0\u00bb#353535&Prime; text_font_size=\u00a0\u00bb17px\u00a0\u00bb text_orientation=\u00a0\u00bbcenter\u00a0\u00bb custom_margin=\u00a0\u00bb|150px||150px|false|false\u00a0\u00bb custom_margin_tablet=\u00a0\u00bb|80px||80px|false|false\u00a0\u00bb custom_margin_phone=\u00a0\u00bb|20px||20px|false|false\u00a0\u00bb custom_margin_last_edited=\u00a0\u00bbon|phone\u00a0\u00bb]<\/p>\n<p>A travers ce nouveau concept, nous vous proposons la m\u00eame cuisine, la m\u00eame d\u00e9marche, la m\u00eame philosophie, toutes ces choses qui ont fait notre identit\u00e9 ainsi que notre r\u00e9putation et cela dans le lieu de votre choix<\/p>\n<p>[\/et_pb_text][\/et_pb_column][\/et_pb_row][\/et_pb_section][et_pb_section fb_built=\u00a0\u00bb1&Prime; _builder_version=\u00a0\u00bb4.4.7&Prime; background_color=\u00a0\u00bb#fcfbf7&Prime; custom_padding=\u00a0\u00bb8px|||||\u00a0\u00bb][et_pb_row _builder_version=\u00a0\u00bb4.4.7&Prime;][et_pb_column type=\u00a0\u00bb4_4&Prime; _builder_version=\u00a0\u00bb4.4.7&Prime;][et_pb_text _builder_version=\u00a0\u00bb4.4.7&Prime; text_font=\u00a0\u00bbastagina||||||||\u00a0\u00bb text_text_color=\u00a0\u00bb#353535&Prime; text_font_size=\u00a0\u00bb62px\u00a0\u00bb header_2_font=\u00a0\u00bbastagina||||||||\u00a0\u00bb header_2_text_color=\u00a0\u00bb#353535&Prime; header_2_font_size=\u00a0\u00bb62px\u00a0\u00bb text_orientation=\u00a0\u00bbcenter\u00a0\u00bb custom_margin=\u00a0\u00bb16px||22px||false|false\u00a0\u00bb custom_padding=\u00a0\u00bb||1px|||\u00a0\u00bb custom_padding_tablet=\u00a0\u00bb\u00a0\u00bb custom_padding_phone=\u00a0\u00bb||14px||false|false\u00a0\u00bb custom_padding_last_edited=\u00a0\u00bbon|phone\u00a0\u00bb]<\/p>\n<h2>Articles de presse<\/h2>\n<p>[\/et_pb_text][et_pb_gallery gallery_ids=\u00a0\u00bb165,166&Prime; orientation=\u00a0\u00bbportrait\u00a0\u00bb show_title_and_caption=\u00a0\u00bboff\u00a0\u00bb _builder_version=\u00a0\u00bb4.4.7&Prime;][\/et_pb_gallery][\/et_pb_column][\/et_pb_row][\/et_pb_section][et_pb_section fb_built=\u00a0\u00bb1&Prime; _builder_version=\u00a0\u00bb4.4.7&Prime; background_color=\u00a0\u00bbrgba(255,255,255,0.29)\u00a0\u00bb background_image=\u00a0\u00bbhttps:\/\/restaurantlagoguette.com\/wp-content\/uploads\/2021\/03\/restaurant-la-goguette-a-domicile-four-stephanie-maxime.jpg\u00a0\u00bb background_blend=\u00a0\u00bblighten\u00a0\u00bb min_height=\u00a0\u00bb411px\u00a0\u00bb custom_margin=\u00a0\u00bb||0px|||\u00a0\u00bb custom_padding=\u00a0\u00bb||5px|||\u00a0\u00bb][et_pb_row _builder_version=\u00a0\u00bb4.4.7&Prime;][et_pb_column type=\u00a0\u00bb4_4&Prime; _builder_version=\u00a0\u00bb4.4.7&Prime;][et_pb_text _builder_version=\u00a0\u00bb4.4.7&Prime; text_font=\u00a0\u00bbastagina|300|||||||\u00a0\u00bb text_text_color=\u00a0\u00bb#353535&Prime; text_font_size=\u00a0\u00bb79px\u00a0\u00bb background_color=\u00a0\u00bbrgba(236,202,157,0.75)\u00a0\u00bb text_orientation=\u00a0\u00bbcenter\u00a0\u00bb custom_margin=\u00a0\u00bb53px|290px|0px|290px|false|false\u00a0\u00bb custom_margin_tablet=\u00a0\u00bb0px|120px|0px|120px|false|false\u00a0\u00bb custom_margin_phone=\u00a0\u00bb|20px||20px|false|false\u00a0\u00bb custom_margin_last_edited=\u00a0\u00bbon|phone\u00a0\u00bb custom_padding=\u00a0\u00bb37px||17px||false|false\u00a0\u00bb text_font_size_tablet=\u00a0\u00bb\u00a0\u00bb text_font_size_phone=\u00a0\u00bb54px\u00a0\u00bb text_font_size_last_edited=\u00a0\u00bbon|phone\u00a0\u00bb text_line_height_tablet=\u00a0\u00bb\u00a0\u00bb text_line_height_phone=\u00a0\u00bb1em\u00a0\u00bb text_line_height_last_edited=\u00a0\u00bbon|phone\u00a0\u00bb]<\/p>\n<p>On passe \u00e0 table ?<\/p>\n<p>[\/et_pb_text][et_pb_button button_url=\u00a0\u00bbhttps:\/\/restaurantlagoguette.com\/index.php\/les-menus\/\u00a0\u00bb button_text=\u00a0\u00bbPar ici !\u00a0\u00bb button_alignment=\u00a0\u00bbcenter\u00a0\u00bb _builder_version=\u00a0\u00bb4.4.7&Prime; custom_button=\u00a0\u00bbon\u00a0\u00bb button_text_size=\u00a0\u00bb16px\u00a0\u00bb custom_margin=\u00a0\u00bb72px||||false|false\u00a0\u00bb button_text_size__hover_enabled=\u00a0\u00bbon|hover\u00a0\u00bb][\/et_pb_button][\/et_pb_column][\/et_pb_row][\/et_pb_section]<\/p>\n","protected":false},"excerpt":{"rendered":"<p>[et_pb_section fb_built=\u00a0\u00bb1&Prime; _builder_version=\u00a0\u00bb4.4.7&Prime; background_image=\u00a0\u00bbhttps:\/\/restaurantlagoguette.com\/wp-content\/uploads\/2021\/03\/restaurant-la-goguette-a-domicile-chef-cafe-stephanie-maxime.jpg\u00a0\u00bb min_height=\u00a0\u00bb266px\u00a0\u00bb custom_margin=\u00a0\u00bb||-1px|||\u00a0\u00bb custom_padding=\u00a0\u00bb0px||0px|||\u00a0\u00bb][et_pb_row _builder_version=\u00a0\u00bb4.4.7&Prime;][et_pb_column type=\u00a0\u00bb4_4&Prime; _builder_version=\u00a0\u00bb4.4.7&Prime;][\/et_pb_column][\/et_pb_row][\/et_pb_section][et_pb_section fb_built=\u00a0\u00bb1&Prime; _builder_version=\u00a0\u00bb4.4.7&Prime;][et_pb_row _builder_version=\u00a0\u00bb4.4.7&Prime;][et_pb_column type=\u00a0\u00bb4_4&Prime; _builder_version=\u00a0\u00bb4.4.7&Prime;][et_pb_text _builder_version=\u00a0\u00bb4.4.7&Prime; text_font=\u00a0\u00bbastagina||||||||\u00a0\u00bb text_text_color=\u00a0\u00bb#353535&Prime; text_font_size=\u00a0\u00bb62px\u00a0\u00bb header_2_font=\u00a0\u00bbastagina||||||||\u00a0\u00bb header_2_text_color=\u00a0\u00bb#353535&Prime; header_2_font_size=\u00a0\u00bb62px\u00a0\u00bb text_orientation=\u00a0\u00bbcenter\u00a0\u00bb] Notre histoire [\/et_pb_text][et_pb_text _builder_version=\u00a0\u00bb4.4.7&Prime; text_font=\u00a0\u00bbMontserrat|300|||||||\u00a0\u00bb text_text_color=\u00a0\u00bb#353535&Prime; text_font_size=\u00a0\u00bb17px\u00a0\u00bb text_orientation=\u00a0\u00bbcenter\u00a0\u00bb custom_margin=\u00a0\u00bb|150px||150px|false|false\u00a0\u00bb custom_margin_tablet=\u00a0\u00bb|35px||35px|false|false\u00a0\u00bb custom_margin_phone=\u00a0\u00bb|20px||20px|false|false\u00a0\u00bb custom_margin_last_edited=\u00a0\u00bbon|phone\u00a0\u00bb] Apr\u00e8s notre rencontre au Lyc\u00e9e H\u00f4telier de Toulon o\u00f9 nous avons tous les deux \u00e9t\u00e9 diplom\u00e9s d\u2019un BTS, nous nous [&hellip;]<\/p>\n","protected":false},"author":1,"featured_media":0,"parent":0,"menu_order":0,"comment_status":"closed","ping_status":"closed","template":"","meta":{"_et_pb_use_builder":"on","_et_pb_old_content":"","_et_gb_content_width":"","footnotes":""},"yoast_head":"<!-- This site is optimized with the Yoast SEO plugin v24.5 - https:\/\/yoast.com\/wordpress\/plugins\/seo\/ -->\n<title>Notre Histoire - Restaurant La Goguette \u00e0 domicile<\/title>\n<meta name=\"description\" content=\"Avec l\u2019ann\u00e9e 2020, nous avons adapt\u00e9 notre m\u00e9tier, cr\u00e9ant ainsi \u201cLa Goguette \u00e0 Domicile\u201d. Nous vous proposons la m\u00eame d\u00e9marche, et cela dans le lieu de votre choix !\" \/>\n<meta name=\"robots\" content=\"index, follow, max-snippet:-1, max-image-preview:large, max-video-preview:-1\" \/>\n<link rel=\"canonical\" href=\"https:\/\/restaurantlagoguette.com\/index.php\/notre-histoire\/\" \/>\n<meta property=\"og:locale\" content=\"fr_FR\" \/>\n<meta property=\"og:type\" content=\"article\" \/>\n<meta property=\"og:title\" content=\"Notre Histoire - Restaurant La Goguette \u00e0 domicile\" \/>\n<meta property=\"og:description\" content=\"Avec l\u2019ann\u00e9e 2020, nous avons adapt\u00e9 notre m\u00e9tier, cr\u00e9ant ainsi \u201cLa Goguette \u00e0 Domicile\u201d. Nous vous proposons la m\u00eame d\u00e9marche, et cela dans le lieu de votre choix !\" \/>\n<meta property=\"og:url\" content=\"https:\/\/restaurantlagoguette.com\/index.php\/notre-histoire\/\" \/>\n<meta property=\"og:site_name\" content=\"Restaurant La Goguette\" \/>\n<meta property=\"article:modified_time\" content=\"2021-03-09T11:54:27+00:00\" \/>\n<meta name=\"twitter:card\" content=\"summary_large_image\" \/>\n<meta name=\"twitter:label1\" content=\"Dur\u00e9e de lecture estim\u00e9e\" \/>\n\t<meta name=\"twitter:data1\" content=\"5 minutes\" \/>\n<script type=\"application\/ld+json\" class=\"yoast-schema-graph\">{\"@context\":\"https:\/\/schema.org\",\"@graph\":[{\"@type\":\"WebPage\",\"@id\":\"https:\/\/restaurantlagoguette.com\/index.php\/notre-histoire\/\",\"url\":\"https:\/\/restaurantlagoguette.com\/index.php\/notre-histoire\/\",\"name\":\"Notre Histoire - Restaurant La Goguette \u00e0 domicile\",\"isPartOf\":{\"@id\":\"https:\/\/restaurantlagoguette.com\/#website\"},\"datePublished\":\"2021-02-22T14:40:27+00:00\",\"dateModified\":\"2021-03-09T11:54:27+00:00\",\"description\":\"Avec l\u2019ann\u00e9e 2020, nous avons adapt\u00e9 notre m\u00e9tier, cr\u00e9ant ainsi \u201cLa Goguette \u00e0 Domicile\u201d. Nous vous proposons la m\u00eame d\u00e9marche, et cela dans le lieu de votre choix !\",\"breadcrumb\":{\"@id\":\"https:\/\/restaurantlagoguette.com\/index.php\/notre-histoire\/#breadcrumb\"},\"inLanguage\":\"fr-FR\",\"potentialAction\":[{\"@type\":\"ReadAction\",\"target\":[\"https:\/\/restaurantlagoguette.com\/index.php\/notre-histoire\/\"]}]},{\"@type\":\"BreadcrumbList\",\"@id\":\"https:\/\/restaurantlagoguette.com\/index.php\/notre-histoire\/#breadcrumb\",\"itemListElement\":[{\"@type\":\"ListItem\",\"position\":1,\"name\":\"Accueil\",\"item\":\"https:\/\/restaurantlagoguette.com\/\"},{\"@type\":\"ListItem\",\"position\":2,\"name\":\"Notre Histoire\"}]},{\"@type\":\"WebSite\",\"@id\":\"https:\/\/restaurantlagoguette.com\/#website\",\"url\":\"https:\/\/restaurantlagoguette.com\/\",\"name\":\"Restaurant La Goguette\",\"description\":\"Quand La Goguette s&#039;invite chez vous !\",\"potentialAction\":[{\"@type\":\"SearchAction\",\"target\":{\"@type\":\"EntryPoint\",\"urlTemplate\":\"https:\/\/restaurantlagoguette.com\/?s={search_term_string}\"},\"query-input\":{\"@type\":\"PropertyValueSpecification\",\"valueRequired\":true,\"valueName\":\"search_term_string\"}}],\"inLanguage\":\"fr-FR\"}]}<\/script>\n<!-- \/ Yoast SEO plugin. -->","yoast_head_json":{"title":"Notre Histoire - Restaurant La Goguette \u00e0 domicile","description":"Avec l\u2019ann\u00e9e 2020, nous avons adapt\u00e9 notre m\u00e9tier, cr\u00e9ant ainsi \u201cLa Goguette \u00e0 Domicile\u201d. Nous vous proposons la m\u00eame d\u00e9marche, et cela dans le lieu de votre choix !","robots":{"index":"index","follow":"follow","max-snippet":"max-snippet:-1","max-image-preview":"max-image-preview:large","max-video-preview":"max-video-preview:-1"},"canonical":"https:\/\/restaurantlagoguette.com\/index.php\/notre-histoire\/","og_locale":"fr_FR","og_type":"article","og_title":"Notre Histoire - Restaurant La Goguette \u00e0 domicile","og_description":"Avec l\u2019ann\u00e9e 2020, nous avons adapt\u00e9 notre m\u00e9tier, cr\u00e9ant ainsi \u201cLa Goguette \u00e0 Domicile\u201d. Nous vous proposons la m\u00eame d\u00e9marche, et cela dans le lieu de votre choix !","og_url":"https:\/\/restaurantlagoguette.com\/index.php\/notre-histoire\/","og_site_name":"Restaurant La Goguette","article_modified_time":"2021-03-09T11:54:27+00:00","twitter_card":"summary_large_image","twitter_misc":{"Dur\u00e9e de lecture estim\u00e9e":"5 minutes"},"schema":{"@context":"https:\/\/schema.org","@graph":[{"@type":"WebPage","@id":"https:\/\/restaurantlagoguette.com\/index.php\/notre-histoire\/","url":"https:\/\/restaurantlagoguette.com\/index.php\/notre-histoire\/","name":"Notre Histoire - Restaurant La Goguette \u00e0 domicile","isPartOf":{"@id":"https:\/\/restaurantlagoguette.com\/#website"},"datePublished":"2021-02-22T14:40:27+00:00","dateModified":"2021-03-09T11:54:27+00:00","description":"Avec l\u2019ann\u00e9e 2020, nous avons adapt\u00e9 notre m\u00e9tier, cr\u00e9ant ainsi \u201cLa Goguette \u00e0 Domicile\u201d. Nous vous proposons la m\u00eame d\u00e9marche, et cela dans le lieu de votre choix !","breadcrumb":{"@id":"https:\/\/restaurantlagoguette.com\/index.php\/notre-histoire\/#breadcrumb"},"inLanguage":"fr-FR","potentialAction":[{"@type":"ReadAction","target":["https:\/\/restaurantlagoguette.com\/index.php\/notre-histoire\/"]}]},{"@type":"BreadcrumbList","@id":"https:\/\/restaurantlagoguette.com\/index.php\/notre-histoire\/#breadcrumb","itemListElement":[{"@type":"ListItem","position":1,"name":"Accueil","item":"https:\/\/restaurantlagoguette.com\/"},{"@type":"ListItem","position":2,"name":"Notre Histoire"}]},{"@type":"WebSite","@id":"https:\/\/restaurantlagoguette.com\/#website","url":"https:\/\/restaurantlagoguette.com\/","name":"Restaurant La Goguette","description":"Quand La Goguette s&#039;invite chez vous !","potentialAction":[{"@type":"SearchAction","target":{"@type":"EntryPoint","urlTemplate":"https:\/\/restaurantlagoguette.com\/?s={search_term_string}"},"query-input":{"@type":"PropertyValueSpecification","valueRequired":true,"valueName":"search_term_string"}}],"inLanguage":"fr-FR"}]}},"_links":{"self":[{"href":"https:\/\/restaurantlagoguette.com\/index.php\/wp-json\/wp\/v2\/pages\/15"}],"collection":[{"href":"https:\/\/restaurantlagoguette.com\/index.php\/wp-json\/wp\/v2\/pages"}],"about":[{"href":"https:\/\/restaurantlagoguette.com\/index.php\/wp-json\/wp\/v2\/types\/page"}],"author":[{"embeddable":true,"href":"https:\/\/restaurantlagoguette.com\/index.php\/wp-json\/wp\/v2\/users\/1"}],"replies":[{"embeddable":true,"href":"https:\/\/restaurantlagoguette.com\/index.php\/wp-json\/wp\/v2\/comments?post=15"}],"version-history":[{"count":17,"href":"https:\/\/restaurantlagoguette.com\/index.php\/wp-json\/wp\/v2\/pages\/15\/revisions"}],"predecessor-version":[{"id":306,"href":"https:\/\/restaurantlagoguette.com\/index.php\/wp-json\/wp\/v2\/pages\/15\/revisions\/306"}],"wp:attachment":[{"href":"https:\/\/restaurantlagoguette.com\/index.php\/wp-json\/wp\/v2\/media?parent=15"}],"curies":[{"name":"wp","href":"https:\/\/api.w.org\/{rel}","templated":true}]}}